{"id":319,"date":"2020-01-14T20:53:38","date_gmt":"2020-01-14T19:53:38","guid":{"rendered":"http:\/\/swiatwedlugmaluszka.pl\/?page_id=319"},"modified":"2024-01-05T01:08:49","modified_gmt":"2024-01-05T00:08:49","slug":"cennik","status":"publish","type":"page","link":"https:\/\/swiatwedlugmaluszka.pl\/index.php\/cennik\/","title":{"rendered":"CENNIK"},"content":{"rendered":"\t\t<div data-elementor-type=\"wp-page\" data-elementor-id=\"319\" class=\"elementor elementor-319\">\n\t\t\t\t\t\t<div class=\"elementor-inner\">\n\t\t\t\t<div class=\"elementor-section-wrap\">\n\t\t\t\t\t\t\t\t\t<section class=\"elementor-section elementor-top-section elementor-element elementor-element-10ef800 elementor-section-content-middle elementor-section-stretched elementor-section-boxed elementor-section-height-default elementor-section-height-default\" data-id=\"10ef800\" data-element_type=\"section\" data-settings=\"{&quot;stretch_section&quot;:&quot;section-stretched&quot;,&quot;background_background&quot;:&quot;gradient&quot;,&quot;shape_divider_bottom&quot;:&quot;waves&quot;}\">\n\t\t\t\t\t<div class=\"elementor-shape elementor-shape-bottom\" data-negative=\"false\">\n\t\t\t<svg xmlns=\"http:\/\/www.w3.org\/2000\/svg\" viewBox=\"0 0 1000 100\" preserveAspectRatio=\"none\">\n\t<path class=\"elementor-shape-fill\" d=\"M421.9,6.5c22.6-2.5,51.5,0.4,75.5,5.3c23.6,4.9,70.9,23.5,100.5,35.7c75.8,32.2,133.7,44.5,192.6,49.7\n\tc23.6,2.1,48.7,3.5,103.4-2.5c54.7-6,106.2-25.6,106.2-25.6V0H0v30.3c0,0,72,32.6,158.4,30.5c39.2-0.7,92.8-6.7,134-22.4\n\tc21.2-8.1,52.2-18.2,79.7-24.2C399.3,7.9,411.6,7.5,421.9,6.5z\"\/>\n<\/svg>\t\t<\/div>\n\t\t\t\t\t<div class=\"elementor-container elementor-column-gap-no\">\n\t\t\t\t\t\t\t<div class=\"elementor-row\">\n\t\t\t\t\t<div class=\"elementor-column elementor-col-100 elementor-top-column elementor-element elementor-element-a9300ed\" data-id=\"a9300ed\" data-element_type=\"column\">\n\t\t\t<div class=\"elementor-column-wrap elementor-element-populated\">\n\t\t\t\t\t\t\t<div class=\"elementor-widget-wrap\">\n\t\t\t\t\t\t<div class=\"elementor-element elementor-element-e4c95cb elementor-widget elementor-widget-heading\" data-id=\"e4c95cb\" data-element_type=\"widget\" data-widget_type=\"heading.default\">\n\t\t\t\t<div class=\"elementor-widget-container\">\n\t\t\t<h1 class=\"elementor-heading-title elementor-size-default\"><br>Cennik<\/h1>\t\t<\/div>\n\t\t\t\t<\/div>\n\t\t\t\t\t\t<\/div>\n\t\t\t\t\t<\/div>\n\t\t<\/div>\n\t\t\t\t\t\t\t\t<\/div>\n\t\t\t\t\t<\/div>\n\t\t<\/section>\n\t\t\t\t<section class=\"elementor-section elementor-top-section elementor-element elementor-element-77d2c20 elementor-section-boxed elementor-section-height-default elementor-section-height-default\" data-id=\"77d2c20\" data-element_type=\"section\">\n\t\t\t\t\t\t<div class=\"elementor-container elementor-column-gap-default\">\n\t\t\t\t\t\t\t<div class=\"elementor-row\">\n\t\t\t\t\t<div class=\"elementor-column elementor-col-100 elementor-top-column elementor-element elementor-element-0297651\" data-id=\"0297651\" data-element_type=\"column\">\n\t\t\t<div class=\"elementor-column-wrap elementor-element-populated\">\n\t\t\t\t\t\t\t<div class=\"elementor-widget-wrap\">\n\t\t\t\t\t\t<div class=\"elementor-element elementor-element-156f491 elementor-widget elementor-widget-text-editor\" data-id=\"156f491\" data-element_type=\"widget\" data-widget_type=\"text-editor.default\">\n\t\t\t\t<div class=\"elementor-widget-container\">\n\t\t\t\t\t\t\t\t<div class=\"elementor-text-editor elementor-clearfix\">\n\t\t\t\t<p><strong>DOTACJE:<\/strong><\/p><ul><li>Dotacja z Urz\u0119du Miasta Krakowa do czesnego na rok 2024 wynosi 3,50 z\u0142 do ka\u017cdej godziny.<\/li><li>Dotacja o \u015bwiadczeniu \u017c\u0142obkowym w kwocie 400 z\u0142, dotyczy dzieci, kt\u00f3re nie posiadaj\u0105 rodze\u0144stwa ( RKO ). Wniosek sk\u0142ada Rodzic do Zus.<\/li><\/ul><p>Rodzice posiadaj\u0105cy rodze\u0144stwo korzystaj\u0105 z dotacji RKO, kt\u00f3r\u0105 otrzymuj\u0105 z Zus na swoje konto.<\/p><p><strong>OP\u0141ATY<\/strong><\/p><p>Wy\u017cywienie zgodnie z aktualnym cennikiem frmy cateringowej na dzie\u0144 01.01.2024r.<\/p><ul><li>18,00 z\u0142- dieta standard<\/li><li>19,60 z\u0142- dieta indywidualna<\/li><\/ul><p>Wszystkie zaj\u0119cia, imprezy okoliczno\u015bciowe s\u0105 w cenie czesnego.<\/p><p><strong>Ubezpieczenie NNW:<\/strong><\/p><p>Wed\u0142ug cennika ubezpieczyciela.<\/p><p><strong>Wpisowe:<\/strong><\/p><ul><li>600 z\u0142- w momencie zapisu.<\/li><li>400 z\u0142- kredkowe we wrze\u015bniu ka\u017cdego roku szkolnego.<\/li><\/ul><p>Czesne wed\u0142ug poni\u017cszej tabeli: 2200 z\u0142 (minus dotacje).<\/p>\t\t\t\t\t<\/div>\n\t\t\t\t\t\t<\/div>\n\t\t\t\t<\/div>\n\t\t\t\t<div class=\"elementor-element elementor-element-497a3b3 elementor-hidden-desktop elementor-hidden-tablet elementor-widget elementor-widget-image\" data-id=\"497a3b3\" data-element_type=\"widget\" data-widget_type=\"image.default\">\n\t\t\t\t<div class=\"elementor-widget-container\">\n\t\t\t\t\t\t\t\t<div class=\"elementor-image\">\n\t\t\t\t\t\t\t\t\t\t\t\t<img width=\"1024\" height=\"855\" src=\"https:\/\/swiatwedlugmaluszka.pl\/wp-content\/uploads\/2024\/01\/tabela-2-1024x855.png\" class=\"attachment-large size-large\" alt=\"\" loading=\"lazy\" srcset=\"https:\/\/swiatwedlugmaluszka.pl\/wp-content\/uploads\/2024\/01\/tabela-2-1024x855.png 1024w, https:\/\/swiatwedlugmaluszka.pl\/wp-content\/uploads\/2024\/01\/tabela-2-300x250.png 300w, https:\/\/swiatwedlugmaluszka.pl\/wp-content\/uploads\/2024\/01\/tabela-2-768x641.png 768w, https:\/\/swiatwedlugmaluszka.pl\/wp-content\/uploads\/2024\/01\/tabela-2.png 1452w\" sizes=\"(max-width: 1024px) 100vw, 1024px\" \/>\t\t\t\t\t\t\t\t\t\t\t\t\t\t<\/div>\n\t\t\t\t\t\t<\/div>\n\t\t\t\t<\/div>\n\t\t\t\t\t\t<\/div>\n\t\t\t\t\t<\/div>\n\t\t<\/div>\n\t\t\t\t\t\t\t\t<\/div>\n\t\t\t\t\t<\/div>\n\t\t<\/section>\n\t\t\t\t<section class=\"elementor-section elementor-top-section elementor-element elementor-element-f6a36eb elementor-section-boxed elementor-section-height-default elementor-section-height-default\" data-id=\"f6a36eb\" data-element_type=\"section\">\n\t\t\t\t\t\t<div class=\"elementor-container elementor-column-gap-default\">\n\t\t\t\t\t\t\t<div class=\"elementor-row\">\n\t\t\t\t\t<div class=\"elementor-column elementor-col-100 elementor-top-column elementor-element elementor-element-d1568c3\" data-id=\"d1568c3\" data-element_type=\"column\">\n\t\t\t<div class=\"elementor-column-wrap elementor-element-populated\">\n\t\t\t\t\t\t\t<div class=\"elementor-widget-wrap\">\n\t\t\t\t\t\t<div class=\"elementor-element elementor-element-f4d9522 elementor-hidden-mobile elementor-widget elementor-widget-text-editor\" data-id=\"f4d9522\" data-element_type=\"widget\" data-widget_type=\"text-editor.default\">\n\t\t\t\t<div class=\"elementor-widget-container\">\n\t\t\t\t\t\t\t\t<div class=\"elementor-text-editor elementor-clearfix\">\n\t\t\t\t<table style=\"height: 719px;\" width=\"390\"><tbody><tr><td><b>MC<\/b><\/td><td><b>DOTACJA UMK <\/b><strong>2023R.<\/strong> ( Dni w mc x 10 godzin x 3,50 z\u0142)<b><br \/><\/b><\/td><td><strong>DOTACJA \u015aWIADCZENIE \u017b\u0141OBKOWE 400 Z\u0141<\/strong><\/td><td><strong>PODSUMOWANIE DLA RODZIC\u00d3W KORZYSTAJ\u0104CYCH Z \u015aWIADCZENIA \u017b\u0141OBKOWEGO 400 Z\u0141 **<\/strong><\/td><td><strong>PODSUMOWANIE DLA RODZIC\u00d3W KORZYSTAJ\u0104CYCH Z RKO, TYM SAMYM NIE KORZYSTAJ\u0104CYCH ZE \u015aWIADCZENIA \u017b\u0141OBKOWEGO 400 Z\u0141.<\/strong><\/td><\/tr><tr><td><span style=\"font-weight: 400;\">STYCZE\u0143<\/span><\/td><td><span style=\"font-weight: 400;\">770\u00a0z\u0142\u00a0<\/span><\/td><td><span style=\"font-weight: 400;\">400\u00a0z\u0142<\/span><\/td><td>2200(czesne)-770-400= <strong>1030z\u0142<\/strong> (kwota do zap\u0142aty)<\/td><td><span style=\"font-weight: 400;\">2200(czesne)-770= <strong>1430 z\u0142<\/strong> (kwota do zap\u0142aty)<\/span><\/td><\/tr><tr><td><span style=\"font-weight: 400;\">LUTY<\/span><\/td><td><span style=\"font-weight: 400;\">735\u00a0z\u0142\u00a0<\/span><\/td><td><span style=\"font-weight: 400;\">400\u00a0z\u0142<\/span><\/td><td><span style=\"font-weight: 400;\">2200 (czesne)-735-400= <strong>1065z\u0142<\/strong> (kwota do zap\u0142aty)<\/span><\/td><td><span style=\"font-weight: 400;\">2200(czesne)-735= <strong>1465 z\u0142<\/strong> (kwota do zap\u0142aty)<\/span><\/td><\/tr><tr><td><span style=\"font-weight: 400;\">MARZEC<\/span><\/td><td><span style=\"font-weight: 400;\">735\u00a0z\u0142<\/span><\/td><td><span style=\"font-weight: 400;\">400\u00a0z\u0142<\/span><\/td><td><span style=\"font-weight: 400;\">2200 (czesne)-735-400= <strong>1065z\u0142<\/strong> (kwota do zap\u0142aty)<\/span><\/td><td><span style=\"font-weight: 400;\">2200(czesne)-735= <strong>1465 z\u0142<\/strong> (kwota do zap\u0142aty)<\/span><\/td><\/tr><tr><td><span style=\"font-weight: 400;\">KWIECIE\u0143<\/span><\/td><td><span style=\"font-weight: 400;\">735\u00a0z\u0142<\/span><\/td><td><span style=\"font-weight: 400;\">400\u00a0z\u0142<\/span><\/td><td>2200 (czesne)-735-400= <strong>1065z\u0142<\/strong> (kwota do zap\u0142aty)<\/td><td>2200(czesne)-735= <strong>1465 z\u0142<\/strong> (kwota do zap\u0142aty)<\/td><\/tr><tr><td><span style=\"font-weight: 400;\">MAJ<\/span><\/td><td>700\u00a0z\u0142<\/td><td><span style=\"font-weight: 400;\">400\u00a0z\u0142<\/span><\/td><td>2200 (czesne)-700-400= <strong>1100z\u0142<\/strong> (kwota do zap\u0142aty)<\/td><td>2200(czesne)-700= <strong>1500 z\u0142<\/strong> (kwota do zap\u0142aty)<\/td><\/tr><tr><td><span style=\"font-weight: 400;\">CZERWIEC<\/span><\/td><td><span style=\"font-weight: 400;\">700\u00a0z\u0142\u00a0<\/span><\/td><td><span style=\"font-weight: 400;\">400\u00a0z\u0142<\/span><\/td><td>2200 (czesne)-700-400= <strong>1100z\u0142<\/strong> (kwota do zap\u0142aty)<\/td><td>2200(czesne)-700= <strong>1500 z\u0142<\/strong> (kwota do zap\u0142aty)<\/td><\/tr><tr><td><span style=\"font-weight: 400;\">LIPIEC<\/span><\/td><td>805\u00a0z\u0142<\/td><td><span style=\"font-weight: 400;\">400\u00a0z\u0142<\/span><\/td><td>2200 (czesne)-805-400= <strong>995 z\u0142<\/strong> (kwota do zap\u0142aty)<\/td><td>2200(czesne)-805= <strong>1395 z\u0142<\/strong> (kwota do zap\u0142aty)<\/td><\/tr><tr><td><span style=\"font-weight: 400;\">SIERPIE\u0143<\/span><\/td><td><span style=\"font-weight: 400;\">735\u00a0z\u0142\u00a0<\/span><\/td><td><span style=\"font-weight: 400;\">400\u00a0z\u0142<\/span><\/td><td><span style=\"font-weight: 400;\">2200 (czesne)-735-400= <strong>1065 z\u0142<\/strong> (kwota do zap\u0142aty)<\/span><\/td><td>2200(czesne)-735= <strong>1465 z\u0142<\/strong> (kwota do zap\u0142aty)<\/td><\/tr><tr><td><span style=\"font-weight: 400;\">WRZESIE\u0143<\/span><\/td><td><span style=\"font-weight: 400;\">735\u00a0z\u0142\u00a0<\/span><\/td><td><span style=\"font-weight: 400;\">400\u00a0z\u0142\u00a0<\/span><\/td><td>2200 (czesne)-735-400= <strong>1065 z\u0142<\/strong> (kwota do zap\u0142aty)<\/td><td>2200(czesne)-735= <strong>1465 z\u0142<\/strong> (kwota do zap\u0142aty)<\/td><\/tr><tr><td><span style=\"font-weight: 400;\">PA\u0179DZIERNIK<\/span><\/td><td>805\u00a0z\u0142<\/td><td><span style=\"font-weight: 400;\">400\u00a0z\u0142<\/span><\/td><td>2200 (czesne)-805-400= <strong>995 z\u0142<\/strong> (kwota do zap\u0142aty)<\/td><td>2200(czesne)-805= <strong>1395 z\u0142<\/strong> (kwota do zap\u0142aty)<\/td><\/tr><tr><td><span style=\"font-weight: 400;\">LISTOPAD<\/span><\/td><td>665\u00a0z\u0142<\/td><td><span style=\"font-weight: 400;\">400\u00a0z\u0142<\/span><\/td><td>2200 (czesne)-665-400= <strong>1135 z\u0142<\/strong> (kwota do zap\u0142aty)<\/td><td>2200(czesne)-665= <strong>1535 z\u0142<\/strong> (kwota do zap\u0142aty)<\/td><\/tr><tr><td><span style=\"font-weight: 400;\">GRUDZIE\u0143<\/span><\/td><td>700\u00a0z\u0142<\/td><td><span style=\"font-weight: 400;\">400\u00a0z\u0142<\/span><\/td><td>2200 (czesne)-700-400= <strong>1100 z\u0142<\/strong> (kwota do zap\u0142aty)<\/td><td>2200(czesne)-700= <strong>1500 z\u0142<\/strong> (kwota do zap\u0142aty)<\/td><\/tr><\/tbody><\/table><p>\u00a0<\/p>\t\t\t\t\t<\/div>\n\t\t\t\t\t\t<\/div>\n\t\t\t\t<\/div>\n\t\t\t\t\t\t<\/div>\n\t\t\t\t\t<\/div>\n\t\t<\/div>\n\t\t\t\t\t\t\t\t<\/div>\n\t\t\t\t\t<\/div>\n\t\t<\/section>\n\t\t\t\t\t\t\t\t\t<\/div>\n\t\t\t<\/div>\n\t\t\t\t\t<\/div>\n\t\t","protected":false},"excerpt":{"rendered":"<p>Cennik DOTACJE: Dotacja z Urz\u0119du Miasta Krakowa do czesnego na rok 2024 wynosi 3,50 z\u0142 do ka\u017cdej godziny. Dotacja o \u015bwiadczeniu \u017c\u0142obkowym w kwocie 400 z\u0142, dotyczy dzieci, kt\u00f3re nie posiadaj\u0105 rodze\u0144stwa ( RKO ). Wniosek sk\u0142ada Rodzic do Zus. Rodzice posiadaj\u0105cy rodze\u0144stwo korzystaj\u0105 z dotacji RKO, kt\u00f3r\u0105 otrzymuj\u0105 z Zus na swoje konto. OP\u0141ATY [&hellip;]<\/p>\n","protected":false},"author":1,"featured_media":0,"parent":0,"menu_order":0,"comment_status":"closed","ping_status":"closed","template":"","meta":[],"_links":{"self":[{"href":"https:\/\/swiatwedlugmaluszka.pl\/index.php\/wp-json\/wp\/v2\/pages\/319"}],"collection":[{"href":"https:\/\/swiatwedlugmaluszka.pl\/index.php\/wp-json\/wp\/v2\/pages"}],"about":[{"href":"https:\/\/swiatwedlugmaluszka.pl\/index.php\/wp-json\/wp\/v2\/types\/page"}],"author":[{"embeddable":true,"href":"https:\/\/swiatwedlugmaluszka.pl\/index.php\/wp-json\/wp\/v2\/users\/1"}],"replies":[{"embeddable":true,"href":"https:\/\/swiatwedlugmaluszka.pl\/index.php\/wp-json\/wp\/v2\/comments?post=319"}],"version-history":[{"count":54,"href":"https:\/\/swiatwedlugmaluszka.pl\/index.php\/wp-json\/wp\/v2\/pages\/319\/revisions"}],"predecessor-version":[{"id":620,"href":"https:\/\/swiatwedlugmaluszka.pl\/index.php\/wp-json\/wp\/v2\/pages\/319\/revisions\/620"}],"wp:attachment":[{"href":"https:\/\/swiatwedlugmaluszka.pl\/index.php\/wp-json\/wp\/v2\/media?parent=319"}],"curies":[{"name":"wp","href":"https:\/\/api.w.org\/{rel}","templated":true}]}}